{"id":9,"date":"2008-06-26T18:05:23","date_gmt":"2008-06-26T18:05:23","guid":{"rendered":"http:\/\/www.apmuga.com\/wordpress\/?page_id=9"},"modified":"2016-11-15T14:02:29","modified_gmt":"2016-11-15T14:02:29","slug":"curriculum-vitae","status":"publish","type":"page","link":"https:\/\/www.apmuga.com\/wordpress\/curriculum-vitae\/","title":{"rendered":"Cur. Vitae"},"content":{"rendered":"<p>2016: Regresso a BIOP\u00e1ginas em regime de freelancer.<br \/>\n2013: Director de Desenvolvimento na Logicpulse Tecnologies, <a href=\"http:\/\/www.logicpulse.pt\/\">www.logicpulse.pt<\/a><br \/>\n2009: Cria\u00e7\u00e3o da\u00a0 empresa BIOP\u00e1ginas &#8211; Consultoria e Engenharia, <a href=\"http:\/\/www.biopaginas.com\/\">www.biopaginas.com<\/a><br \/>\n2007:\u00a0Lan\u00e7amento do alojamento Web SAFE-NET,\u00a0Safe Internet Solutions.<br \/>\n2007: In\u00edcio da actividade como freelancer.<br \/>\n2001: Entrada nos quadros da Critical Software.<br \/>\n2000: Colaborador na Critical Software.<br \/>\n2000: Formador em C++\/VC++ 6.0 e VBasic 6.0.<br \/>\n1999-2000: Entrada nos quadros de Advisor &#8211; Consultoria e Tecnologias de informa\u00e7\u00e3o.<br \/>\n1998: Participa\u00e7\u00e3o no 3\u00ba encontro de Gest\u00e3o e Tecnologias de Informa\u00e7\u00e3o.<\/p>\n<p>&nbsp;<\/p>\n<p><strong>Habilita\u00e7\u00f5es Acad\u00e9mica<\/strong><\/p>\n<p>2007:\u00a0Fim do Mestrado em Eng. Inform\u00e1tica.<br \/>\n2005: Certifica\u00e7\u00e3o em <a href=\"http:\/\/www.expertrating.com\/transcript.asp?transcriptid=877089\" target=\"new\">PHP<\/a><br \/>\n2000: Forma\u00e7\u00e3o sobre utiliza\u00e7\u00e3o avan\u00e7ado do MS Access na Rumos.<br \/>\n1996: Inicio na Licenciatura em Eng. Inform\u00e1tica.<br \/>\n1996: Curso Tecnol\u00f3gico Profissional de Inform\u00e1tica (Niv\u00ba 3 europeu).<\/p>\n<p>&nbsp;<\/p>\n<p><strong>Aptid\u00f5es t\u00e9cnicas<\/strong><br \/>\nPrograma\u00e7\u00e3o em ambiento Web, Web Responsive &#8211;  HTML5 + JS, JQuery, CGI, ASP, ASPX, JSP e PHP.<br \/>\nPrograma\u00e7\u00e3o de dispositivos m\u00f3veis: WinCE, Windows Mobile, Windows Phone, Android, PhoneGap.<br \/>\nPrograma\u00e7\u00e3o em linguagens RAD &#8211; Visual-Basic (4,5,6, &#8230;, 2015) e Delphi (4,6,7).<br \/>\nBons conhecimentos em XML(XSL\/XSD).<br \/>\nPrograma\u00e7\u00e3o em Java &#8211; java, J2EE.<br \/>\nPrograma\u00e7\u00e3o em linguagens de m\u00e9dio e baixo nivel &#8211; C, C++, Pascal e Assembly.<br \/>\nPrograma\u00e7\u00e3o Informix IDS &#8211; 4GL.<br \/>\nGest\u00e3o de Base Dados &#8211; Informix IDS, SQLServer, Oracle, MySQL e PostgresSQL.<br \/>\nGest\u00e3o de Redes e Maquinas Windows.<br \/>\nGest\u00e3o de Maquinas Linux.<br \/>\nGest\u00e3o de Servidores WEB (IIS e Apache).<\/p>\n<p>&nbsp;<\/p>\n<p><strong>Perfil Pessoal<\/strong><br \/>\nAutonomia.<br \/>\nRobustez emocional.<br \/>\nAutodidacta<\/p>\n<p>&nbsp;<\/p>\n<p><strong>Projectos Realizados<\/strong><\/p>\n<p>&nbsp;<\/p>\n<p>LumberJack (2016)<br \/>\nCria\u00e7\u00e3o do produto Lumberjack para os profissionais da ind\u00fastria da Floresta. \u00c9 respons\u00e1vel pela cria\u00e7\u00e3o, desenho e implementa\u00e7\u00e3o do produto. Tecnologias base: html5, JQuery, PhoneGap.<\/p>\n<p>&nbsp;  <\/p>\n<p>GesConfig (2016)<br \/>\nParticipa\u00e7\u00e3o no produto GesConfig para o cliente West Sea &#8211; Estaleiros Navais de Viana do Castelo. Foi respons\u00e1vel pela cria\u00e7\u00e3o, desenho e implementa\u00e7\u00e3o do produto. Tecnologias base: html5, aspx e C#.<\/p>\n<p>&nbsp;<\/p>\n<p>FazendaGirassol (2015)<br \/>\nParticipa\u00e7\u00e3o da loja online da FazendaGirassol.  Foi respons\u00e1vel pela adapta\u00e7\u00e3o do projecto NOPCommerce para integra\u00e7\u00e3o com a infraestrutura em PHC do cliente. Tecnologias utilizadas: aspx e C#.<\/p>\n<p>&nbsp;<\/p>\n<p>Fleet.track (2015)<br \/>\nParticipa\u00e7\u00e3o no produto Fleet.Track. Foi respons\u00e1vel pela reformula\u00e7\u00e3o do produto para uma utiliza\u00e7\u00e3o distribu\u00edda, directamente da Cloud. Tecnologias base: html5, aspx e C#.<\/p>\n<p>&nbsp;<\/p>\n<p>Time.track (2015)<br \/>\nParticipa\u00e7\u00e3o no produto Time.Track. Foi respons\u00e1vel pela migra\u00e7\u00e3o do produto Assiduity.Track da plataforma Windows para uma utiliza\u00e7\u00e3o distribu\u00edda, em html5, na Cloud. Tecnologias base: html5, aspx e c#.<\/p>\n<p>&nbsp;<\/p>\n<p>Q.track (2014)<br \/>\nParticipa\u00e7\u00e3o no produto Q.Track. Trata-se de uma gest\u00e3o de filas com TVCorporate. Foi respons\u00e1vel pela reformula\u00e7\u00e3o e optimiza\u00e7\u00e3o do produto para a Cloud, suporte de Smartboxs Android, Raspberry PI e terminais Android. Tecnologias utilizadas: java, aspx, C#.<\/p>\n<p>&nbsp;<\/p>\n<p>Assiduity.track &#8211; INEM (2013)<br \/>\nParticipa\u00e7\u00e3o no produto Assiduity.Track. Foi respons\u00e1vel pela reformula\u00e7\u00e3o e optimiza\u00e7\u00e3o do produto Assiduity.Track para o Cliente INEM. Tecnologias utilizadas: aspx e C#.<\/p>\n<p>&nbsp;<\/p>\n<p>WEBRega &#8211; Instituto Superior de Agronomia (2011)<br \/>\nDesenho e implementa\u00e7\u00e3o, em conjunto com o Instituto Superior de Agronomia, de uma aplica\u00e7\u00e3o de simula\u00e7\u00e3o em ambiente web incorporando v\u00e1rios modelos de regas, intitulada WebRega. Foram utilizadas tecnologias Microsoft como o C# VB.Net para o servidor de modela\u00e7\u00e3o, PHP para a interface com o utilizador.<\/p>\n<p>&nbsp;<\/p>\n<p>CRYPTO\/PXSU &#8211; Galileu &#8211; European Space Agency (2006)<br \/>\nParticipa\u00e7\u00e3o no projecto CRYPTO\/PXSU para o projecto Galileu na fase de arquitectura, desenho e implementa\u00e7\u00e3o do m\u00f3dulo de comunica\u00e7\u00e3o com o bus de dados Mil-STD 1553b. Foi utilizado Ada95.<\/p>\n<p>&nbsp;<\/p>\n<p>GOCE &#8211; European Space Agency (2006)<br \/>\nParticipa\u00e7\u00e3o no projecto\u00a0GOCE para\u00a0o European Space Agency. Respons\u00e1vel na prepara\u00e7\u00e3o do ambiente de testes em Ada95.<\/p>\n<p>&nbsp;<\/p>\n<p>SIGP &#8211; Fapricela (2005)<br \/>\nNa continua\u00e7\u00e3o do projecto Fapricela, foi implementado um canal de eventos, utilizado o paradigma de mensagens, para integra\u00e7\u00e3o de duas bases de dados diferentes, SQL Server e Sybase Anywhere. Neste mesmo projecto foi tamb\u00e9m realizado um sistema de reporting gen\u00e9rico para permitir ao cliente a cria\u00e7\u00e3o e instala\u00e7\u00e3o de relat\u00f3rios. Foi utilizado Delphi7.<\/p>\n<p>&nbsp;<\/p>\n<p>BDJur2 &#8211; Almedina (2004-2005)<br \/>\nNa continua\u00e7\u00e3o do projecto Bdjur, foram acrescentadas capacidades a aplica\u00e7\u00e3o para suportar documentos de input gen\u00e9ricos. Foi tamb\u00e9m criado uma ferramenta de script, com o respectivo IDE para permitir ao cliente customizar programas de parsing de forma independente. Foi utilizado Delphi7.<\/p>\n<p>&nbsp;<\/p>\n<p>WorkOrder &#8211; InterAcesso (2004)<br \/>\nImplementa\u00e7\u00e3o de uma gateway entre o protocolo pop3 e o produto WorkOrder para permitir a interac\u00e7\u00e3o do produto WorkOrder via email. Foi utilizado o J2EE.<\/p>\n<p>&nbsp;<\/p>\n<p>IMPACK &#8211; Soporcel\/Portucel (2003-2004)<br \/>\nDesenho e desenvolvimento de v\u00e1rias aplica\u00e7\u00f5es MRP para apoio a planeamento de produ\u00e7\u00e3o e aprovisionamento para a Soporcel. Foi utilizado a especifica\u00e7\u00e3o criada pela consultora Accenture. Foi utilizado o Delphi 7 e o Informix IDS Dynamic Server para DBMS.<\/p>\n<p>&nbsp;<\/p>\n<p>SOPORCEL-MANUTEN\u00c7\u00c2O\u00a0 (2003)<br \/>\nApoio na convers\u00e3o do sistema de informa\u00e7\u00e3o da Soporcel e desenvolvimento de novas funcionalidades para a \u00e1rea de manuten\u00e7\u00e3o dessa mesma f\u00e1brica. Foi utilizado o Delphi 7 e o Informix IDS Dynamic Server.<\/p>\n<p>&nbsp;<\/p>\n<p>EXTRANET-SOPORCEL &#8211; Soporcel\/Portucel (2003)<br \/>\nDesenvolvimento de produ\u00e7\u00e3o de relat\u00f3rios online para apoio a decis\u00e3o no grupo Portucel-Soporcel. Foi utilizado Java Server Pages (JSP) e J2EE para implementar a interface Web integrada no sistema de informa\u00e7\u00e3o global.<\/p>\n<p>&nbsp;<\/p>\n<p>SADREG &#8211; Instituto Superior de Agronomia (2003)<br \/>\nDesenho e implementa\u00e7\u00e3o, em conjunto com o Eng. Jos\u00e9 Manuel Gon\u00e7alves (Instituto Superior de Agronomia), de uma aplica\u00e7\u00e3o de simula\u00e7\u00e3o de regas intitulada SadReg. Foram utilizadas tecnologias Microsoft como o Visual Basic 6 para a cria\u00e7\u00e3o da interface com o utilizador e o Visual C++ 6 para o n\u00facleo aplicacional.<\/p>\n<p>&nbsp;<\/p>\n<p>ProQoSsl &#8211; European Space Agency (2002)<br \/>\nDesenho e implementa\u00e7\u00e3o de um prot\u00f3tipo para a ESA de implementa\u00e7\u00e3o de QoS para liga\u00e7\u00f5es via sat\u00e9lite. Foi feito uso do protocolo IOTP para comunica\u00e7\u00e3o entre as entidades intervenientes. Julga-se ser a primeira implementa\u00e7\u00e3o deste protocolo. Foi utilizado neste projecto o Suse Linux e o desenvolvimento foi feito com base no C++ para o n\u00facleo e o PHP para o sistema de configura\u00e7\u00e3o via intranet.<\/p>\n<p>&nbsp;<\/p>\n<p>IGPS &#8211; Soporcel\/Portucel (2002)<br \/>\nDesenho e desenvolvimento de uma aplica\u00e7\u00e3o Web de produ\u00e7\u00e3o de relat\u00f3rios online para apoio \u00e0 decis\u00e3o no grupo Portucel-Soporcel. Foi utilizado Java Server Pages (JSP) e J2EE para implementar a interface Web integrada no sistema de informa\u00e7\u00e3o global.<\/p>\n<p>&nbsp;<\/p>\n<p>IGPSImport &#8211; Soporcel\/Portucel (2002)<br \/>\nDesenho e desenvolvimento de uma aplica\u00e7\u00e3o de importa\u00e7\u00e3o din\u00e2mica de dados para a plataforma IGPS. Foi utilizado Java para o desenvolvimento e integra\u00e7\u00e3o com o IGPS.<\/p>\n<p>&nbsp;<\/p>\n<p>INTRANET-SOPORCEL &#8211; Soporcel\/Portucel (2002)<br \/>\nDesenho e desenvolvimento de um sistema Intranet para a empresa Soporcel, um importante produtor europeu de pasta de papel. Trabalhando num projecto em ciclo completo, de acordo com os standards de controlo de qualidade. Foi utilizado Java Server Pages (JSP) e J2EE para implementar a interface Web integrada no sistema de informa\u00e7\u00e3o global.<\/p>\n<p>&nbsp;<\/p>\n<p>SEDAM &#8211; Instituto Superior de Agronomia (2001-2002)<br \/>\nDesenho e implementa\u00e7\u00e3o, em conjunto com o Eng. Jos\u00e9 Manuel Gon\u00e7alves (Instituto Superior de Agronomia), de uma aplica\u00e7\u00e3o de simula\u00e7\u00e3o de regas intitulada Sedam. Foram utilizadas tecnologias Microsoft como o Visual Basic 6 para a cria\u00e7\u00e3o da interface com o utilizador e o Visual C++ 6 para o n\u00facleo aplicacional.<\/p>\n<p>&nbsp;<\/p>\n<p>SOPORCEL-EURO &#8211; Soporcel\/Portucel (2001)<br \/>\nAltera\u00e7\u00e3o do software 4GL da plataforma MIS da Soporcel para suporte da moeda Euro.<\/p>\n<p>&nbsp;<\/p>\n<p>BDJUR &#8211; Almedina (2000-2001)<br \/>\nDesenho e desenvolvimento de uma base de dados jur\u00eddica para a editora Almedina. Respons\u00e1vel pela apresenta\u00e7\u00e3o WEB.<\/p>\n<p>&nbsp;<\/p>\n<p>FULBRIGHT &#8211; Comiss\u00e3o Cultural Luso-Americana (2000)<br \/>\nDesenho e implementa\u00e7\u00e3o da aplica\u00e7\u00e3o cliente\/servidor \u201cFulbright\u201d de gest\u00e3o de bolsas para a Comiss\u00e3o Cultural Luso-Americana. Trabalhando no projecto em ciclo completo numa equipa de duas pessoas. Foram utilizadas tecnologias OO com Delphi e Visual Basic para implementa\u00e7\u00e3o da aplica\u00e7\u00e3o cliente. Respons\u00e1vel pelo planeamento e contactos com o cliente.<\/p>\n<p>&nbsp;<\/p>\n<p>www.comtronico.com &#8211; NextPortugal (2000)<br \/>\nDesenho e implementa\u00e7\u00e3o de v\u00e1rios com\u00e9rcios electr\u00f3nicos, um deles sendo Multi-Level-Network com funcionalidades interessantes como por exemplo negocia\u00e7\u00e3o de pre\u00e7os e multi-distribuidor. Todo o sistema, front-office e back-office foram criados com base no VBasic 6 e foi disponibilizado no Internet Information Server.<\/p>\n<p>&nbsp;<\/p>\n<p>www.next-academy.com &#8211; NextPortugal (2000)<br \/>\nBaseado no motor do estudar-na.net foi criado um centro de aprendizagem para o distribuidor NextPortugal (distribuidor de material inform\u00e1tica). Todo o sistema, front-office e back-office foram criados com base no VBasic 6 e disponibilizados no IIS.<\/p>\n<p>&nbsp;<\/p>\n<p>www.estudar-na.net &#8211; Advisor (2000)<br \/>\nDesenho e implementa\u00e7\u00e3o de um sistema de e-learning. Todo o sistema, front-office e back-office foram criados com base no VBasic 6 e disponibilizados no IIS.<\/p>\n<p>&nbsp;<\/p>\n<p>NEOCOLA &#8211; Neocola(1999)<br \/>\nImplementa\u00e7\u00e3o de um sistema de informa\u00e7\u00e3o para assistir na produ\u00e7\u00e3o da f\u00e1brica Neocola (bebidas gasificadas). Foi utilizado o Visual Basic 6 para a interface com os utilizadores e o MS SQLServer para motor de base de dados.<\/p>\n<p>&nbsp;<\/p>\n<p>Diversos &#8211; (at\u00e9 1999)<br \/>\nCria\u00e7\u00e3o de uma Enciclop\u00e9dia Musical.<br \/>\nProjec\u00e7\u00e3o de um sistema de informa\u00e7\u00e3o para farmacias em UML.<br \/>\nRealiza\u00e7\u00e3o de um servidor de mensagens para UNIX.<br \/>\nParticipa\u00e7\u00e3o num estagio de investiga\u00e7\u00e3o sobre DataWareHouse e compress\u00e3o de dados.<\/p>\n<p>&nbsp;<\/p>\n<p><strong>\u00c1rea Web<\/strong><\/p>\n<p>Cliente: Epoch Multimedia, <a href=\"http:\/\/www.epochmultimedia.com\">www.epochmultimedia.com<\/a><\/p>\n<p><a href=\"http:\/\/www.afcal.pt\/clube\/\" target=\"_blank\">http:\/\/www.afcal.pt<\/a> (*,**)<\/p>\n<p><a href=\"http:\/\/www.tecnep.pt\/\" target=\"_blank\">http:\/\/www.tecnep.pt<\/a> (*,**)<\/p>\n<p><a href=\"http:\/\/oeste2020.am-oeste.pt\" target=\"_blank\">http:\/\/oeste2020.am-oeste.pt<\/a>\u00a0(*,**)<\/p>\n<p><a href=\"http:\/\/www.postscriptum.pt\" target=\"_blank\">http:\/\/www.postscriptum.pt<\/a>\u00a0(*,**)<\/p>\n<p><a href=\"http:\/\/www.atahca.pt\/\" target=\"_blank\">http:\/\/www.atahca.pt<\/a>\u00a0(*,**)<\/p>\n<p><a href=\"http:\/\/www.uceaml.com\/\" target=\"_blank\">http:\/\/www.uceaml.com<\/a>\u00a0(*,**)<\/p>\n<p><a href=\"http:\/\/www.aml.pt\/rete\" target=\"_blank\">http:\/\/www.aml.pt\/rete<\/a>\u00a0(*,**)<\/p>\n<p><a href=\"http:\/\/www.aml.pt\" target=\"_blank\">http:\/\/www.aml.pt<\/a> (*,**)<\/p>\n<p><a href=\"http:\/\/www.externatodoparque.com\/\" target=\"_blank\">http:\/\/www.externatodoparque.com<\/a> (*,**)<\/p>\n<p><a href=\"http:\/\/www.elocom.pt\/\">http:\/\/www.elocom.pt<\/a> (*,**)<\/p>\n<p><a href=\"http:\/\/www.gov-civil-lisboa.pt\/\">http:\/\/www.gov-civil-lisboa.pt<\/a>\u00a0(***)<\/p>\n<p><a href=\"http:\/\/www.cm-loures.pt\" target=\"_blank\">http:\/\/www.cm-loures.pt<\/a>\u00a0(***, ****)<\/p>\n<p>&nbsp;<\/p>\n<p>Cliente: Critical Software, <a href=\"http:\/\/www.criticalsoftware.com\" target=\"_blank\">www.criticalsoftware.com<\/a><\/p>\n<p><a href=\"http:\/\/www.retmarker.com\/\" target=\"_blank\">http:\/\/www.retmarker.com\/<\/a>\u00a0(*,**)<\/p>\n<p><a href=\"http:\/\/bdjur.almedina.net\/\" target=\"_blank\">http:\/\/bdjur.almedina.net\/<\/a>\u00a0(*,**)<\/p>\n<p><a href=\"https:\/\/e-portal.soporcel.pt\/xnetps\/\" target=\"_blank\">https:\/\/e-portal.soporcel.pt\/xnetps\/<\/a>\u00a0(***)<\/p>\n<p><a href=\"http:\/\/www.criticalhpc.com\/\" target=\"_blank\">http:\/\/www.criticalhpc.com\/<\/a>(*,**)<\/p>\n<p>&nbsp;<\/p>\n<p>Cliente: Andr\u00e9 P. Muga<br \/>\n<a href=\"http:\/\/www.safe-net.eu\/\" target=\"_blank\">www.safe-net.eu<\/a>\u00a0(*****)<\/p>\n<p><a href=\"http:\/\/www.web-monitor.org\/\" target=\"_blank\">www.web-monitor.org<\/a>\u00a0(*****)<\/p>\n<p>&nbsp;<\/p>\n<p>Legenda:<br \/>\nN\u00edveis de participa\u00e7\u00e3o:<br \/>\n* &#8211; Concep\u00e7\u00e3o<br \/>\n** &#8211; Implementa\u00e7\u00e3o<br \/>\n*** &#8211; Optimiza\u00e7\u00e3o<br \/>\n**** &#8211; Auditoria<br \/>\n***** &#8211; Participa\u00e7\u00e3o total<\/p>\n","protected":false},"excerpt":{"rendered":"<p>2016: Regresso a BIOP\u00e1ginas em regime de freelancer. 2013: Director de Desenvolvimento na Logicpulse Tecnologies, www.logicpulse.pt 2009: Cria\u00e7\u00e3o da\u00a0 empresa BIOP\u00e1ginas &#8211; Consultoria e Engenharia, www.biopaginas.com 2007:\u00a0Lan\u00e7amento do alojamento Web SAFE-NET,\u00a0Safe Internet Solutions. 2007: In\u00edcio da actividade como freelancer. 2001: Entrada nos quadros da Critical Software. 2000: Colaborador na Critical Software. 2000: Formador em C++\/VC++ [&hellip;]<\/p>\n","protected":false},"author":3,"featured_media":0,"parent":0,"menu_order":1,"comment_status":"open","ping_status":"open","template":"","meta":{"footnotes":""},"_links":{"self":[{"href":"https:\/\/www.apmuga.com\/wordpress\/wp-json\/wp\/v2\/pages\/9"}],"collection":[{"href":"https:\/\/www.apmuga.com\/wordpress\/wp-json\/wp\/v2\/pages"}],"about":[{"href":"https:\/\/www.apmuga.com\/wordpress\/wp-json\/wp\/v2\/types\/page"}],"author":[{"embeddable":true,"href":"https:\/\/www.apmuga.com\/wordpress\/wp-json\/wp\/v2\/users\/3"}],"replies":[{"embeddable":true,"href":"https:\/\/www.apmuga.com\/wordpress\/wp-json\/wp\/v2\/comments?post=9"}],"version-history":[{"count":24,"href":"https:\/\/www.apmuga.com\/wordpress\/wp-json\/wp\/v2\/pages\/9\/revisions"}],"predecessor-version":[{"id":416,"href":"https:\/\/www.apmuga.com\/wordpress\/wp-json\/wp\/v2\/pages\/9\/revisions\/416"}],"wp:attachment":[{"href":"https:\/\/www.apmuga.com\/wordpress\/wp-json\/wp\/v2\/media?parent=9"}],"curies":[{"name":"wp","href":"https:\/\/api.w.org\/{rel}","templated":true}]}}