{"id":386,"date":"2016-06-06T16:59:17","date_gmt":"2016-06-06T16:59:17","guid":{"rendered":"http:\/\/www.apmuga.com\/wordpress\/?page_id=386"},"modified":"2016-06-06T16:59:56","modified_gmt":"2016-06-06T16:59:56","slug":"lumberjack","status":"publish","type":"page","link":"https:\/\/www.apmuga.com\/wordpress\/aplicacoes\/lumberjack\/","title":{"rendered":"Lumberjack"},"content":{"rendered":"<p>O Lumberjack foi criada a pensar nos profissionais da floresta na dif\u00edcil tarefa de estimar e or\u00e7amentar a mat\u00e9ria prima. Tivemos o cuidado de pensar na facilidade de utiliza\u00e7\u00e3o, tornando a tarefa de or\u00e7amenta\u00e7\u00e3o num processo f\u00e1cil de executar.<\/p>\n<p>&nbsp;<\/p>\n<p><strong>Funcionalidades:<\/strong><\/p>\n<ul>\n<li>C\u00e1lculo de \u00e1rea com o seu smartphone e GPS.<\/li>\n<li>Estima\u00e7\u00e3o de volume em p\u00e9.<\/li>\n<li>C\u00e1lculo de quantidade por parcela medida .<\/li>\n<li>C\u00e1lculo de Custos com pessoal, m\u00e1quinas e transporte.<\/li>\n<li>Determina\u00e7\u00e3o de valor final para o cliente.<\/li>\n<\/ul>\n<p>&nbsp;<\/p>\n<p>Saiba mais em  <a href=\"http:\/\/lumberjack.biopaginas.com\" target=\"_blank\">http:\/\/lumberjack.biopaginas.com<\/a><\/p>\n","protected":false},"excerpt":{"rendered":"<p>O Lumberjack foi criada a pensar nos profissionais da floresta na dif\u00edcil tarefa de estimar e or\u00e7amentar a mat\u00e9ria prima. Tivemos o cuidado de pensar na facilidade de utiliza\u00e7\u00e3o, tornando a tarefa de or\u00e7amenta\u00e7\u00e3o num processo f\u00e1cil de executar. &nbsp; Funcionalidades: C\u00e1lculo de \u00e1rea com o seu smartphone e GPS. Estima\u00e7\u00e3o de volume em p\u00e9. [&hellip;]<\/p>\n","protected":false},"author":3,"featured_media":0,"parent":206,"menu_order":0,"comment_status":"closed","ping_status":"closed","template":"","meta":{"footnotes":""},"_links":{"self":[{"href":"https:\/\/www.apmuga.com\/wordpress\/wp-json\/wp\/v2\/pages\/386"}],"collection":[{"href":"https:\/\/www.apmuga.com\/wordpress\/wp-json\/wp\/v2\/pages"}],"about":[{"href":"https:\/\/www.apmuga.com\/wordpress\/wp-json\/wp\/v2\/types\/page"}],"author":[{"embeddable":true,"href":"https:\/\/www.apmuga.com\/wordpress\/wp-json\/wp\/v2\/users\/3"}],"replies":[{"embeddable":true,"href":"https:\/\/www.apmuga.com\/wordpress\/wp-json\/wp\/v2\/comments?post=386"}],"version-history":[{"count":2,"href":"https:\/\/www.apmuga.com\/wordpress\/wp-json\/wp\/v2\/pages\/386\/revisions"}],"predecessor-version":[{"id":388,"href":"https:\/\/www.apmuga.com\/wordpress\/wp-json\/wp\/v2\/pages\/386\/revisions\/388"}],"up":[{"embeddable":true,"href":"https:\/\/www.apmuga.com\/wordpress\/wp-json\/wp\/v2\/pages\/206"}],"wp:attachment":[{"href":"https:\/\/www.apmuga.com\/wordpress\/wp-json\/wp\/v2\/media?parent=386"}],"curies":[{"name":"wp","href":"https:\/\/api.w.org\/{rel}","templated":true}]}}