{"id":307,"date":"2015-11-18T14:08:15","date_gmt":"2015-11-18T14:08:15","guid":{"rendered":"http:\/\/www.apmuga.com\/wordpress\/?page_id=307"},"modified":"2019-03-06T21:44:56","modified_gmt":"2019-03-06T21:44:56","slug":"assim-somos","status":"publish","type":"page","link":"https:\/\/www.apmuga.com\/wordpress\/assim-somos\/","title":{"rendered":"Assim Somos"},"content":{"rendered":"<p>Todos conhecemos aqueles cuja lotaria gen\u00e9tica foi generosa, muitas vezes uns aut\u00eanticos \u201cselvagens\u201d para o sexo oposto e, no entanto, sempre os preferidos, sempre os mais desejados, eclipsando todos os outros. Com este projecto, pretendo dar uma hip\u00f3tese ao homem comum de brilhar e chamar a aten\u00e7\u00e3o do sexo oposto sem subterf\u00fagios nem enganos. Quero ajudar na transforma\u00e7\u00e3o. Quero que seja um homem bem-parecido e perspicaz, tipo de pessoa que gostamos de ter \u00e0 nossa volta por ser genu\u00edno, \u00edntegro e leal. Sem fingimento. As mulheres tamb\u00e9m gostam da companhia dele. Ele \u00e9 respeitoso, ternurento e corajoso. As mulheres reagem a isso. Sentem-se ligadas a ele.<\/p>\n<p>&nbsp;<\/p>\n<p>Este \u00e9 um projecto pessoal. Algo a que gostaria de ter tido acesso quando tomei consci\u00eancia de mim mesmo, quando me tornei uma pessoa adulta. Com esta p\u00e1gina sigo uma miss\u00e3o, ajudar os outros a ser melhores homens. Quero ajudar os outros na descoberta de si mesmos, ajud\u00e1-los a cativar as mulheres, a conseguir relacionamentos saud\u00e1veis, plenos, sustent\u00e1veis e divertidos, dando uma experi\u00eancia incr\u00edvel \u00e0s mulheres e desenvolvendo o estilo de vida com que sempre sonharam mas acharam imposs\u00edvel.<\/p>\n<p>&nbsp;<\/p>\n<p><a href=\"http:\/\/assimsomos.apmuga.com\/\">http:\/\/assimsomos.apmuga.com\/<\/a><\/p>\n","protected":false},"excerpt":{"rendered":"<p>Todos conhecemos aqueles cuja lotaria gen\u00e9tica foi generosa, muitas vezes uns aut\u00eanticos \u201cselvagens\u201d para o sexo oposto e, no entanto, sempre os preferidos, sempre os mais desejados, eclipsando todos os outros. Com este projecto, pretendo dar uma hip\u00f3tese ao homem comum de brilhar e chamar a aten\u00e7\u00e3o do sexo oposto sem subterf\u00fagios nem enganos. Quero [&hellip;]<\/p>\n","protected":false},"author":3,"featured_media":0,"parent":0,"menu_order":70,"comment_status":"closed","ping_status":"closed","template":"","meta":{"footnotes":""},"_links":{"self":[{"href":"https:\/\/www.apmuga.com\/wordpress\/wp-json\/wp\/v2\/pages\/307"}],"collection":[{"href":"https:\/\/www.apmuga.com\/wordpress\/wp-json\/wp\/v2\/pages"}],"about":[{"href":"https:\/\/www.apmuga.com\/wordpress\/wp-json\/wp\/v2\/types\/page"}],"author":[{"embeddable":true,"href":"https:\/\/www.apmuga.com\/wordpress\/wp-json\/wp\/v2\/users\/3"}],"replies":[{"embeddable":true,"href":"https:\/\/www.apmuga.com\/wordpress\/wp-json\/wp\/v2\/comments?post=307"}],"version-history":[{"count":5,"href":"https:\/\/www.apmuga.com\/wordpress\/wp-json\/wp\/v2\/pages\/307\/revisions"}],"predecessor-version":[{"id":470,"href":"https:\/\/www.apmuga.com\/wordpress\/wp-json\/wp\/v2\/pages\/307\/revisions\/470"}],"wp:attachment":[{"href":"https:\/\/www.apmuga.com\/wordpress\/wp-json\/wp\/v2\/media?parent=307"}],"curies":[{"name":"wp","href":"https:\/\/api.w.org\/{rel}","templated":true}]}}