{"id":169,"date":"2014-08-16T01:04:18","date_gmt":"2014-08-16T01:04:18","guid":{"rendered":"http:\/\/www.apmuga.com\/wordpress\/?page_id=169"},"modified":"2015-06-06T20:45:38","modified_gmt":"2015-06-06T20:45:38","slug":"ptr-personality-test-recorder","status":"publish","type":"page","link":"https:\/\/www.apmuga.com\/wordpress\/aplicacoes\/ptr-personality-test-recorder\/","title":{"rendered":"Personality Test Recorder"},"content":{"rendered":"<div style=\"float: left; width: 130px;\"><img decoding=\"async\" src=\"http:\/\/www.apmuga.com\/gfx\/logo_prt.png\" alt=\"PTR - Personality Test Recorder\" style=\"float: left; width: 100px;\"\/><\/div>\n<div style=\"float: left; width: 500px; padding-top: 20px;\">Personality Test Recorder \u00e9 um software para execu\u00e7\u00e3o de testes de personalidades. Com base nos melhores trabalhos na \u00e1rea da psicologia, poder\u00e1 executar testes com resultados cred\u00edveis de forme simples e eficaz.<\/p>\n<p> <a href=\"https:\/\/play.google.com\/store\/apps\/details?id=ptr.biopaginas.com\" title=\"Download\">Download no Google Play<\/a><\/div>\n","protected":false},"excerpt":{"rendered":"<p>Personality Test Recorder \u00e9 um software para execu\u00e7\u00e3o de testes de personalidades. Com base nos melhores trabalhos na \u00e1rea da psicologia, poder\u00e1 executar testes com resultados cred\u00edveis de forme simples e eficaz. Download no Google Play<\/p>\n","protected":false},"author":3,"featured_media":0,"parent":206,"menu_order":0,"comment_status":"closed","ping_status":"closed","template":"","meta":{"footnotes":""},"_links":{"self":[{"href":"https:\/\/www.apmuga.com\/wordpress\/wp-json\/wp\/v2\/pages\/169"}],"collection":[{"href":"https:\/\/www.apmuga.com\/wordpress\/wp-json\/wp\/v2\/pages"}],"about":[{"href":"https:\/\/www.apmuga.com\/wordpress\/wp-json\/wp\/v2\/types\/page"}],"author":[{"embeddable":true,"href":"https:\/\/www.apmuga.com\/wordpress\/wp-json\/wp\/v2\/users\/3"}],"replies":[{"embeddable":true,"href":"https:\/\/www.apmuga.com\/wordpress\/wp-json\/wp\/v2\/comments?post=169"}],"version-history":[{"count":12,"href":"https:\/\/www.apmuga.com\/wordpress\/wp-json\/wp\/v2\/pages\/169\/revisions"}],"predecessor-version":[{"id":208,"href":"https:\/\/www.apmuga.com\/wordpress\/wp-json\/wp\/v2\/pages\/169\/revisions\/208"}],"up":[{"embeddable":true,"href":"https:\/\/www.apmuga.com\/wordpress\/wp-json\/wp\/v2\/pages\/206"}],"wp:attachment":[{"href":"https:\/\/www.apmuga.com\/wordpress\/wp-json\/wp\/v2\/media?parent=169"}],"curies":[{"name":"wp","href":"https:\/\/api.w.org\/{rel}","templated":true}]}}