{"id":13,"date":"2008-06-27T00:54:31","date_gmt":"2008-06-27T00:54:31","guid":{"rendered":"http:\/\/www.apmuga.com\/wordpress\/?page_id=13"},"modified":"2018-08-03T21:42:54","modified_gmt":"2018-08-03T21:42:54","slug":"sobre-andre-p-muga","status":"publish","type":"page","link":"https:\/\/www.apmuga.com\/wordpress\/","title":{"rendered":"Sobre&#8230;"},"content":{"rendered":"<p>Andr\u00e9 Muga tem um mestrado em Engenharia Inform\u00e1tica da Universidade de Coimbra e encontra-se registado na Sec\u00e7\u00e3o Centro da Ordem dos Engenheiros. Durante alguns trabalhou na Critical Software em sistemas complexos para clientes como o Grupo Navigator (Ind\u00fastria do Papel), Almedina (Editora Jur\u00eddica) ou a Ag\u00eancia Espacial Europeia (ESA).<\/p>\n<p>&nbsp;<\/p>\n<p>Nos v\u00e1rios projetos em que participou, teve oportunidade para aprofundar conhecimentos em \u00e1reas como intera\u00e7\u00e3o com o utilizador, sistemas operacionais como os sistemas de criptografia instalados nos sat\u00e9lites Galileo ou sistemas de explora\u00e7\u00e3o e controlo de qualidade em ambientes industriais.<\/p>\n<p>&nbsp;<\/p>\n<p>Convidado pela LogicPulse, empresa vocacionada para o controlo de bens e pessoas, foi respons\u00e1vel, entre outras fun\u00e7\u00f5es, pelo departamento de Desenvolvimento e Engenharia.<\/p>\n<p>&nbsp;<\/p>\n<p>Andr\u00e9 Muga tamb\u00e9m participou em v\u00e1rios projetos de pesquisa para o Instituto Superior de Agronomia onde foi autor e coautor de v\u00e1rias publica\u00e7\u00f5es sobre a simula\u00e7\u00e3o de irriga\u00e7\u00e3o na Internet.<\/p>\n<p>&nbsp;<\/p>\n<p>Entre outras \u00e1reas de relevo, ele trabalhou tamb\u00e9m em sistemas de cadastro e levantamento topogr\u00e1fico de alta precis\u00e3o. Lan\u00e7ou SAFE-NET, uma operadora nacional de hospedagem web, e criou a BIOPaginas, dedicada ao desenvolvimento de solu\u00e7\u00f5es Web e m\u00f3veis.<\/p>\n<p>&nbsp;<\/p>\n<p>Actualmente encontra-se a colaborar com a Interlog Solutions na cria\u00e7\u00e3o de solu\u00e7\u00f5es para\u00a0o sector da log\u00edstica.<\/p>\n","protected":false},"excerpt":{"rendered":"<p>Andr\u00e9 Muga tem um mestrado em Engenharia Inform\u00e1tica da Universidade de Coimbra e encontra-se registado na Sec\u00e7\u00e3o Centro da Ordem dos Engenheiros. Durante alguns trabalhou na Critical Software em sistemas complexos para clientes como o Grupo Navigator (Ind\u00fastria do Papel), Almedina (Editora Jur\u00eddica) ou a Ag\u00eancia Espacial Europeia (ESA). &nbsp; Nos v\u00e1rios projetos em que [&hellip;]<\/p>\n","protected":false},"author":3,"featured_media":145,"parent":0,"menu_order":4,"comment_status":"closed","ping_status":"open","template":"","meta":{"footnotes":""},"_links":{"self":[{"href":"https:\/\/www.apmuga.com\/wordpress\/wp-json\/wp\/v2\/pages\/13"}],"collection":[{"href":"https:\/\/www.apmuga.com\/wordpress\/wp-json\/wp\/v2\/pages"}],"about":[{"href":"https:\/\/www.apmuga.com\/wordpress\/wp-json\/wp\/v2\/types\/page"}],"author":[{"embeddable":true,"href":"https:\/\/www.apmuga.com\/wordpress\/wp-json\/wp\/v2\/users\/3"}],"replies":[{"embeddable":true,"href":"https:\/\/www.apmuga.com\/wordpress\/wp-json\/wp\/v2\/comments?post=13"}],"version-history":[{"count":41,"href":"https:\/\/www.apmuga.com\/wordpress\/wp-json\/wp\/v2\/pages\/13\/revisions"}],"predecessor-version":[{"id":468,"href":"https:\/\/www.apmuga.com\/wordpress\/wp-json\/wp\/v2\/pages\/13\/revisions\/468"}],"wp:featuredmedia":[{"embeddable":true,"href":"https:\/\/www.apmuga.com\/wordpress\/wp-json\/wp\/v2\/media\/145"}],"wp:attachment":[{"href":"https:\/\/www.apmuga.com\/wordpress\/wp-json\/wp\/v2\/media?parent=13"}],"curies":[{"name":"wp","href":"https:\/\/api.w.org\/{rel}","templated":true}]}}